{"id":8,"date":"2024-10-01T08:29:26","date_gmt":"2024-10-01T08:29:26","guid":{"rendered":"https:\/\/edimed.ro\/?page_id=8"},"modified":"2025-02-14T04:29:46","modified_gmt":"2025-02-14T04:29:46","slug":"asistenta-si-consultanta-redactionala","status":"publish","type":"page","link":"https:\/\/edimed.ro\/?page_id=8","title":{"rendered":"Asisten\u021b\u0103 \u0219i consultan\u021b\u0103 redac\u021bional\u0103"},"content":{"rendered":"\n<p><strong>Redactarea unei lucr\u0103ri<\/strong> care s\u0103 aib\u0103 at\u00e2t consisten\u021b\u0103 c\u00e2t \u0219i coeren\u021b\u0103 e un proces dificil, consumator de timp \u0219i de energie.<\/p>\n\n\n\n<p>Uneori e un <strong>articol \u0219tiin\u021bific<\/strong>, uneori e o lucrare de <strong>licen\u021b\u0103<\/strong>, alteori una de <strong>doctorat<\/strong>. \u00centotdeauna te confrun\u021bi cu cerin\u021be diferite, cu moduri diferite de organizare \u0219i prezentare a informa\u021biei: de la <strong>fontul<\/strong> folosit \u0219i formatarea <strong>bibliografiei<\/strong> p\u00e2n\u0103 la numerotarea <strong>tabelelor<\/strong> \u0219i rezolu\u021bia<strong> imaginilor<\/strong>, a\u0219ezarea acestora \u00een text sau redactarea unui <strong>abstract<\/strong>\/sumar care s\u0103 reflecte \u00een mod corect con\u021binutul lucr\u0103rii.<\/p>\n\n\n\n<p>Bine\u00een\u021beles c\u0103 este de dorit ca aceast\u0103 munc\u0103 s\u0103 fie f\u0103cut\u0103 de c\u0103tre autor dar, a\u0219a cum se \u00eent\u00e2mpl\u0103 de multe ori \u00een via\u021ba real\u0103, poate fi nevoie de o a doua opinie sau de un plus de expertiz\u0103 greu de dob\u00e2ndit \u00eentr-un timp scurt.<\/p>\n\n\n\n<p><a href=\"https:\/\/edimed.ro\/?page_id=65\" data-type=\"page\" data-id=\"65\">Descrie aici problema cu care te confrun\u021bi<\/a>.<\/p>\n\n\n\n<p><\/p>\n","protected":false},"excerpt":{"rendered":"<p>Redactarea unei lucr\u0103ri care s\u0103 aib\u0103 at\u00e2t consisten\u021b\u0103 c\u00e2t \u0219i coeren\u021b\u0103 e un proces dificil, consumator de timp \u0219i de energie. Uneori e un articol \u0219tiin\u021bific, uneori e o lucrare de licen\u021b\u0103, alteori una de doctorat. \u00centotdeauna te confrun\u021bi cu cerin\u021be diferite, cu moduri diferite de organizare \u0219i prezentare a informa\u021biei: de la fontul folosit &#8230; <a title=\"Asisten\u021b\u0103 \u0219i consultan\u021b\u0103 redac\u021bional\u0103\" class=\"read-more\" href=\"https:\/\/edimed.ro\/?page_id=8\" aria-label=\"Read more about Asisten\u021b\u0103 \u0219i consultan\u021b\u0103 redac\u021bional\u0103\">Read more<\/a><\/p>\n","protected":false},"author":1,"featured_media":0,"parent":0,"menu_order":0,"comment_status":"closed","ping_status":"closed","template":"","meta":{"footnotes":""},"class_list":["post-8","page","type-page","status-publish"],"_links":{"self":[{"href":"https:\/\/edimed.ro\/index.php?rest_route=\/wp\/v2\/pages\/8","targetHints":{"allow":["GET"]}}],"collection":[{"href":"https:\/\/edimed.ro\/index.php?rest_route=\/wp\/v2\/pages"}],"about":[{"href":"https:\/\/edimed.ro\/index.php?rest_route=\/wp\/v2\/types\/page"}],"author":[{"embeddable":true,"href":"https:\/\/edimed.ro\/index.php?rest_route=\/wp\/v2\/users\/1"}],"replies":[{"embeddable":true,"href":"https:\/\/edimed.ro\/index.php?rest_route=%2Fwp%2Fv2%2Fcomments&post=8"}],"version-history":[{"count":6,"href":"https:\/\/edimed.ro\/index.php?rest_route=\/wp\/v2\/pages\/8\/revisions"}],"predecessor-version":[{"id":98,"href":"https:\/\/edimed.ro\/index.php?rest_route=\/wp\/v2\/pages\/8\/revisions\/98"}],"wp:attachment":[{"href":"https:\/\/edimed.ro\/index.php?rest_route=%2Fwp%2Fv2%2Fmedia&parent=8"}],"curies":[{"name":"wp","href":"https:\/\/api.w.org\/{rel}","templated":true}]}}