{"id":49,"date":"2024-10-22T05:08:08","date_gmt":"2024-10-22T05:08:08","guid":{"rendered":"https:\/\/edimed.ro\/?page_id=49"},"modified":"2024-10-23T08:44:52","modified_gmt":"2024-10-23T08:44:52","slug":"primul-pas","status":"publish","type":"page","link":"https:\/\/edimed.ro\/","title":{"rendered":"Primul pas"},"content":{"rendered":"\n<p>E\u0219ti student, medic sau cadru universitar? Vrei sa economise\u0219ti timp sau s\u0103 \u00eenve\u021bi lucruri noi? Ai subiecte pe care ai dori s\u0103 le dezvol\u021bi sau s\u0103 le aprofundezi? E\u0219ti \u00een impas \u0219i ai nevoie de sprijin? Ai ajuns unde trebuie.<\/p>\n\n\n\n<p><strong>Oferim servicii personalizate pentru cei implica\u021bi \u00een educa\u021bia medical\u0103 universitar\u0103 \u0219i post-universitar\u0103, at\u00e2t beneficiari(studen\u021bi, medici, doctoranzi) c\u00e2t \u0219i furnizori(institu\u021bii, furnizori de educa\u021bie medical\u0103 continu\u0103)<\/strong>: <\/p>\n\n\n\n<ul class=\"wp-block-list\">\n<li>Asisten\u021b\u0103 \u0219i\/sau consultan\u021b\u0103 metodologic\u0103 pentru cercetare biomedical\u0103, \u00een special cercetare clinic\u0103.<\/li>\n<\/ul>\n\n\n\n<ul class=\"wp-block-list\">\n<li>Asisten\u021b\u0103 \u0219i\/sau consultan\u021b\u0103 pentru analiz\u0103 bibliografic\u0103.<\/li>\n<\/ul>\n\n\n\n<ul class=\"wp-block-list\">\n<li>Asisten\u021b\u0103\/consultan\u021b\u0103 \u00een data management, codare \u0219i analiz\u0103 statistic\u0103 pentru lucr\u0103ri \u0219tiin\u021bifice, licen\u021be sau lucr\u0103ri de doctorat.<\/li>\n<\/ul>\n\n\n\n<ul class=\"wp-block-list\">\n<li>Sinteze \u0219i analize de literatur\u0103.<\/li>\n<\/ul>\n\n\n\n<ul class=\"wp-block-list\">\n<li>Consultan\u021b\u0103 \u0219i\/sau asisten\u021b\u0103 pentru redactarea de lucr\u0103ri \u0219tiin\u021bifice, licen\u021be, doctorate.<\/li>\n<\/ul>\n\n\n\n<ul class=\"wp-block-list\">\n<li>Concep\u021bie \u0219i dezvoltare material didactic folosit \u00een educa\u021bia medical\u0103.<\/li>\n<\/ul>\n\n\n\n<p>De asemenea, mai oferim <strong>consultan\u021b\u0103\/asisten\u021b\u0103 metodologic\u0103 pentru institu\u021bii administrative din s\u0103n\u0103tate<\/strong> interesate de elaborarea\/implementarea de ghiduri de bun\u0103 practic\u0103, evalu\u0103ri \u0219i analize independente pentru substan\u021be, dispozitive sau protocoale utilizate \u00een practica clinic\u0103.<\/p>\n","protected":false},"excerpt":{"rendered":"<p>E\u0219ti student, medic sau cadru universitar? Vrei sa economise\u0219ti timp sau s\u0103 \u00eenve\u021bi lucruri noi? Ai subiecte pe care ai dori s\u0103 le dezvol\u021bi sau s\u0103 le aprofundezi? E\u0219ti \u00een impas \u0219i ai nevoie de sprijin? Ai ajuns unde trebuie. Oferim servicii personalizate pentru cei implica\u021bi \u00een educa\u021bia medical\u0103 universitar\u0103 \u0219i post-universitar\u0103, at\u00e2t beneficiari(studen\u021bi, medici, &#8230; <a title=\"Primul pas\" class=\"read-more\" href=\"https:\/\/edimed.ro\/\" aria-label=\"Read more about Primul pas\">Read more<\/a><\/p>\n","protected":false},"author":1,"featured_media":0,"parent":0,"menu_order":0,"comment_status":"closed","ping_status":"closed","template":"","meta":{"footnotes":""},"class_list":["post-49","page","type-page","status-publish"],"_links":{"self":[{"href":"https:\/\/edimed.ro\/index.php?rest_route=\/wp\/v2\/pages\/49","targetHints":{"allow":["GET"]}}],"collection":[{"href":"https:\/\/edimed.ro\/index.php?rest_route=\/wp\/v2\/pages"}],"about":[{"href":"https:\/\/edimed.ro\/index.php?rest_route=\/wp\/v2\/types\/page"}],"author":[{"embeddable":true,"href":"https:\/\/edimed.ro\/index.php?rest_route=\/wp\/v2\/users\/1"}],"replies":[{"embeddable":true,"href":"https:\/\/edimed.ro\/index.php?rest_route=%2Fwp%2Fv2%2Fcomments&post=49"}],"version-history":[{"count":5,"href":"https:\/\/edimed.ro\/index.php?rest_route=\/wp\/v2\/pages\/49\/revisions"}],"predecessor-version":[{"id":91,"href":"https:\/\/edimed.ro\/index.php?rest_route=\/wp\/v2\/pages\/49\/revisions\/91"}],"wp:attachment":[{"href":"https:\/\/edimed.ro\/index.php?rest_route=%2Fwp%2Fv2%2Fmedia&parent=49"}],"curies":[{"name":"wp","href":"https:\/\/api.w.org\/{rel}","templated":true}]}}