{"id":34,"date":"2024-10-01T09:17:53","date_gmt":"2024-10-01T09:17:53","guid":{"rendered":"https:\/\/edimed.ro\/?page_id=34"},"modified":"2024-10-30T09:35:56","modified_gmt":"2024-10-30T09:35:56","slug":"articole-stiintifice","status":"publish","type":"page","link":"https:\/\/edimed.ro\/?page_id=34","title":{"rendered":"Sinteze \u0219i analize"},"content":{"rendered":"\n<p>Ai nevoie de o <strong>revist\u0103 narativ\u0103<\/strong>\/&#8221;<em><strong>scoping review<\/strong><\/em>&#8220;, o <strong>meta-analiz\u0103<\/strong>, o <strong>actualizare<\/strong> a unui subiect specific sau de o <strong>analiz\u0103 rapid\u0103 <\/strong>a unuia sau mai multor <strong>articole \u0219tiin\u021bifice<\/strong>?<\/p>\n\n\n\n<p>Economise\u0219te timp sau beneficiaz\u0103 de calitate folosind serviciile noastre: acestea nu con\u021bin aditivi(de tip inteligen\u021b\u0103 artificial\u0103) \u0219i nici conservan\u021bi(de tip plagiat). Furniz\u0103m doar <strong>rezultate originale<\/strong>, rezultat al <strong>muncii umane<\/strong>, folosind <strong>metode<\/strong> transparente \u0219i reproductibile.<\/p>\n\n\n\n<p>Nu oferim opinii dec\u00e2t dac\u0103 suntem \u00eentreba\u021bi, furniz\u0103m doar rezultate \u0219i interpretarea acestora.<\/p>\n\n\n\n<p><a href=\"https:\/\/edimed.ro\/?page_id=65\" data-type=\"page\" data-id=\"65\">Contacteaz\u0103-ne pentru mai multe detalii<\/a>.<\/p>\n","protected":false},"excerpt":{"rendered":"<p>Ai nevoie de o revist\u0103 narativ\u0103\/&#8221;scoping review&#8220;, o meta-analiz\u0103, o actualizare a unui subiect specific sau de o analiz\u0103 rapid\u0103 a unuia sau mai multor articole \u0219tiin\u021bifice? Economise\u0219te timp sau beneficiaz\u0103 de calitate folosind serviciile noastre: acestea nu con\u021bin aditivi(de tip inteligen\u021b\u0103 artificial\u0103) \u0219i nici conservan\u021bi(de tip plagiat). Furniz\u0103m doar rezultate originale, rezultat al muncii &#8230; <a title=\"Sinteze \u0219i analize\" class=\"read-more\" href=\"https:\/\/edimed.ro\/?page_id=34\" aria-label=\"Read more about Sinteze \u0219i analize\">Read more<\/a><\/p>\n","protected":false},"author":1,"featured_media":0,"parent":0,"menu_order":0,"comment_status":"closed","ping_status":"closed","template":"","meta":{"footnotes":""},"class_list":["post-34","page","type-page","status-publish"],"_links":{"self":[{"href":"https:\/\/edimed.ro\/index.php?rest_route=\/wp\/v2\/pages\/34","targetHints":{"allow":["GET"]}}],"collection":[{"href":"https:\/\/edimed.ro\/index.php?rest_route=\/wp\/v2\/pages"}],"about":[{"href":"https:\/\/edimed.ro\/index.php?rest_route=\/wp\/v2\/types\/page"}],"author":[{"embeddable":true,"href":"https:\/\/edimed.ro\/index.php?rest_route=\/wp\/v2\/users\/1"}],"replies":[{"embeddable":true,"href":"https:\/\/edimed.ro\/index.php?rest_route=%2Fwp%2Fv2%2Fcomments&post=34"}],"version-history":[{"count":4,"href":"https:\/\/edimed.ro\/index.php?rest_route=\/wp\/v2\/pages\/34\/revisions"}],"predecessor-version":[{"id":94,"href":"https:\/\/edimed.ro\/index.php?rest_route=\/wp\/v2\/pages\/34\/revisions\/94"}],"wp:attachment":[{"href":"https:\/\/edimed.ro\/index.php?rest_route=%2Fwp%2Fv2%2Fmedia&parent=34"}],"curies":[{"name":"wp","href":"https:\/\/api.w.org\/{rel}","templated":true}]}}