{"id":2,"date":"2024-10-01T07:50:31","date_gmt":"2024-10-01T07:50:31","guid":{"rendered":"https:\/\/edimed.ro\/?page_id=2"},"modified":"2024-10-22T07:54:16","modified_gmt":"2024-10-22T07:54:16","slug":"cercetare-bibliografica","status":"publish","type":"page","link":"https:\/\/edimed.ro\/?page_id=2","title":{"rendered":"Cercetare bibliografic\u0103"},"content":{"rendered":"\n<p>Tr\u0103im \u00eentr-o lume \u00een care informa\u021bia se acumuleaz\u0103 din ce \u00een ce mai rapid iar sursele de informare devin din ce \u00een ce mai diverse. Este esen\u021bial ca atunci c\u00e2nd ai de elaborat o lucrare important\u0103 pentru cariera ta s\u0103 \u00eencepi printr-o documentare c\u00e2t mai extins\u0103 care s\u0103 nu scape articolele importante publicate pe subiect.<\/p>\n\n\n\n<blockquote class=\"wp-block-quote is-layout-flow wp-block-quote-is-layout-flow\">\n<p>Indiferent dac\u0103 e licen\u021b\u0103, master sau doctorat lucrarea ta trebuie \u00eentotdeauna s\u0103 con\u021bin\u0103 o parte general\u0103 \u00een care trebuie s\u0103 dovede\u0219ti un anumit nivel de cunoa\u0219tere a subiectului iar c\u0103utarea bibliografiei relevante reprezint\u0103 primul pas. <\/p>\n<\/blockquote>\n\n\n\n<p>Te putem ajuta&#8230;<\/p>\n\n\n\n<blockquote class=\"wp-block-quote is-layout-flow wp-block-quote-is-layout-flow\">\n<p>&#8230; nu doar prin servicii complete de documentare asupra unui subiect ci \u0219i prin sugerarea de complet\u0103ri pentru subiecte(bibliografii) existente. Iti vom spune nu doar ce e nevoie s\u0103 adaugi ci \u0219i de ce.<\/p>\n<\/blockquote>\n\n\n\n<p>Ai o problem\u0103 de rezolvat? <a href=\"https:\/\/edimed.ro\/?page_id=65\" data-type=\"page\" data-id=\"65\">Contacteaza-ne pentru o evaluare<\/a>.<\/p>\n","protected":false},"excerpt":{"rendered":"<p>Tr\u0103im \u00eentr-o lume \u00een care informa\u021bia se acumuleaz\u0103 din ce \u00een ce mai rapid iar sursele de informare devin din ce \u00een ce mai diverse. Este esen\u021bial ca atunci c\u00e2nd ai de elaborat o lucrare important\u0103 pentru cariera ta s\u0103 \u00eencepi printr-o documentare c\u00e2t mai extins\u0103 care s\u0103 nu scape articolele importante publicate pe subiect. &#8230; <a title=\"Cercetare bibliografic\u0103\" class=\"read-more\" href=\"https:\/\/edimed.ro\/?page_id=2\" aria-label=\"Read more about Cercetare bibliografic\u0103\">Read more<\/a><\/p>\n","protected":false},"author":1,"featured_media":0,"parent":0,"menu_order":0,"comment_status":"closed","ping_status":"closed","template":"","meta":{"footnotes":""},"class_list":["post-2","page","type-page","status-publish"],"_links":{"self":[{"href":"https:\/\/edimed.ro\/index.php?rest_route=\/wp\/v2\/pages\/2","targetHints":{"allow":["GET"]}}],"collection":[{"href":"https:\/\/edimed.ro\/index.php?rest_route=\/wp\/v2\/pages"}],"about":[{"href":"https:\/\/edimed.ro\/index.php?rest_route=\/wp\/v2\/types\/page"}],"author":[{"embeddable":true,"href":"https:\/\/edimed.ro\/index.php?rest_route=\/wp\/v2\/users\/1"}],"replies":[{"embeddable":true,"href":"https:\/\/edimed.ro\/index.php?rest_route=%2Fwp%2Fv2%2Fcomments&post=2"}],"version-history":[{"count":3,"href":"https:\/\/edimed.ro\/index.php?rest_route=\/wp\/v2\/pages\/2\/revisions"}],"predecessor-version":[{"id":71,"href":"https:\/\/edimed.ro\/index.php?rest_route=\/wp\/v2\/pages\/2\/revisions\/71"}],"wp:attachment":[{"href":"https:\/\/edimed.ro\/index.php?rest_route=%2Fwp%2Fv2%2Fmedia&parent=2"}],"curies":[{"name":"wp","href":"https:\/\/api.w.org\/{rel}","templated":true}]}}